{"id":14,"date":"2026-02-08T14:43:49","date_gmt":"2026-02-08T14:43:49","guid":{"rendered":"https:\/\/preview.techsquare.pl\/?page_id=14"},"modified":"2026-02-09T09:42:51","modified_gmt":"2026-02-09T09:42:51","slug":"home-page","status":"publish","type":"page","link":"https:\/\/preview.techsquare.pl\/","title":{"rendered":"Strona G\u0142\u00f3wna"},"content":{"rendered":"\t\t<div data-elementor-type=\"wp-page\" data-elementor-id=\"14\" class=\"elementor elementor-14\" data-elementor-post-type=\"page\">\n\t\t\t\t<div class=\"elementor-element elementor-element-fa7b214 e-flex e-con-boxed e-con e-parent\" data-id=\"fa7b214\" data-element_type=\"container\" data-e-type=\"container\" data-settings=\"{&quot;background_background&quot;:&quot;classic&quot;,&quot;ekit_has_onepagescroll_dot&quot;:&quot;yes&quot;}\">\n\t\t\t\t\t<div class=\"e-con-inner\">\n\t\t<div class=\"elementor-element elementor-element-57cb26e e-con-full e-flex e-con e-child\" data-id=\"57cb26e\" data-element_type=\"container\" data-e-type=\"container\" data-settings=\"{&quot;ekit_has_onepagescroll_dot&quot;:&quot;yes&quot;}\">\n\t\t\t\t<div class=\"elementor-element elementor-element-bb5fe56 elementor-headline--style-highlight elementor-widget elementor-widget-animated-headline\" data-id=\"bb5fe56\" data-element_type=\"widget\" data-e-type=\"widget\" data-settings=\"{&quot;marker&quot;:&quot;double_underline&quot;,&quot;highlighted_text&quot;:&quot;Twojego domu,&quot;,&quot;headline_style&quot;:&quot;highlight&quot;,&quot;loop&quot;:&quot;yes&quot;,&quot;highlight_animation_duration&quot;:1200,&quot;highlight_iteration_delay&quot;:8000,&quot;ekit_we_effect_on&quot;:&quot;none&quot;}\" data-widget_type=\"animated-headline.default\">\n\t\t\t\t\t\t\t<h1 class=\"elementor-headline\">\n\t\t\t\t\t<span class=\"elementor-headline-plain-text elementor-headline-text-wrapper\">Rozwi\u0105zania dla <\/span>\n\t\t\t\t<span class=\"elementor-headline-dynamic-wrapper elementor-headline-text-wrapper\">\n\t\t\t\t\t<span class=\"elementor-headline-dynamic-text elementor-headline-text-active\">Twojego domu,<\/span>\n\t\t\t\t<\/span>\n\t\t\t\t\t<span class=\"elementor-headline-plain-text elementor-headline-text-wrapper\">kt\u00f3re zapewniaj\u0105 komfort na lata.<\/span>\n\t\t\t\t\t<\/h1>\n\t\t\t\t\t\t<\/div>\n\t\t\t\t<div class=\"elementor-element elementor-element-5be896c elementor-widget elementor-widget-text-editor\" data-id=\"5be896c\" data-element_type=\"widget\" data-e-type=\"widget\" data-settings=\"{&quot;ekit_we_effect_on&quot;:&quot;none&quot;}\" data-widget_type=\"text-editor.default\">\n\t\t\t\t\t\t\t\t\t<p>Zapewnij sobie ch\u0142\u00f3d latem i ciep\u0142o zim\u0105 bez zb\u0119dnych zmartwie\u0144. Pomo\u017cemy Ci dobra\u0107 idealne urz\u0105dzenie do Twoich potrzeb, zamontujemy je czysto i sprawnie, a potem zadbamy o jego serwis. Klimatyzacja i pompy ciep\u0142a to dla nas codzienno\u015b\u0107 \u2013 dla Ciebie to wygoda na lata.<\/p>\t\t\t\t\t\t\t\t<\/div>\n\t\t\t\t<div class=\"elementor-element elementor-element-71107fa elementor-widget elementor-widget-elementskit-creative-button\" data-id=\"71107fa\" data-element_type=\"widget\" data-e-type=\"widget\" data-settings=\"{&quot;ekit_we_effect_on&quot;:&quot;none&quot;}\" data-widget_type=\"elementskit-creative-button.default\">\n\t\t\t\t<div class=\"elementor-widget-container\">\n\t\t\t\t\t<div class=\"ekit-wid-con\" >\t\t<div class=\"ekit-btn-wraper\">\n\t\t\t\t\t\t\t\t<a href=\"tel:+48%20500%20731%20585\" class=\"ekit_creative_button ekit_moema\" id=\"\" data-text=\"\">\n\n\t\t\t\t\t\t\t\t\t\t\t\t\t\t\t\t\t\t\t\n\t\t\t\t\t\t<span class=\"ekit_creative_button_text\">Sprawd\u017a ofert\u0119<\/span>\n\n\t\t\t\t\t\t\t\t\t\t\t\t\t\t\t\t\t<\/a>\n\t\t\t\t\t\t<\/div>\n        <\/div>\t\t\t\t<\/div>\n\t\t\t\t<\/div>\n\t\t\t\t<\/div>\n\t\t\t\t\t<\/div>\n\t\t\t\t<\/div>\n\t\t<div class=\"elementor-element elementor-element-43603e6 e-con-full e-flex e-con e-parent\" data-id=\"43603e6\" data-element_type=\"container\" data-e-type=\"container\" data-settings=\"{&quot;ekit_has_onepagescroll_dot&quot;:&quot;yes&quot;}\">\n\t\t<div class=\"elementor-element elementor-element-709ad3d e-flex e-con-boxed e-con e-child\" data-id=\"709ad3d\" data-element_type=\"container\" data-e-type=\"container\" data-settings=\"{&quot;ekit_has_onepagescroll_dot&quot;:&quot;yes&quot;}\">\n\t\t\t\t\t<div class=\"e-con-inner\">\n\t\t<div class=\"elementor-element elementor-element-b840ad4 e-con-full e-flex e-con e-child\" data-id=\"b840ad4\" data-element_type=\"container\" data-e-type=\"container\" data-settings=\"{&quot;ekit_has_onepagescroll_dot&quot;:&quot;yes&quot;}\">\n\t\t<div class=\"elementor-element elementor-element-2aaa43e e-con-full e-flex e-con e-child\" data-id=\"2aaa43e\" data-element_type=\"container\" data-e-type=\"container\" data-settings=\"{&quot;ekit_has_onepagescroll_dot&quot;:&quot;yes&quot;}\">\n\t\t\t\t<div class=\"elementor-element elementor-element-76d9c8b elementor-view-default elementor-widget elementor-widget-icon\" data-id=\"76d9c8b\" data-element_type=\"widget\" data-e-type=\"widget\" data-settings=\"{&quot;ekit_we_effect_on&quot;:&quot;none&quot;}\" data-widget_type=\"icon.default\">\n\t\t\t\t\t\t\t<div class=\"elementor-icon-wrapper\">\n\t\t\t<div class=\"elementor-icon\">\n\t\t\t<i aria-hidden=\"true\" class=\"icon icon-double-angle-pointing-to-right\"><\/i>\t\t\t<\/div>\n\t\t<\/div>\n\t\t\t\t\t\t<\/div>\n\t\t\t\t<div class=\"elementor-element elementor-element-a8c2dc9 elementor-widget elementor-widget-heading\" data-id=\"a8c2dc9\" data-element_type=\"widget\" data-e-type=\"widget\" data-settings=\"{&quot;ekit_we_effect_on&quot;:&quot;none&quot;}\" data-widget_type=\"heading.default\">\n\t\t\t\t\t<h2 class=\"elementor-heading-title elementor-size-default\">KIM JESTE\u015aMY<\/h2>\t\t\t\t<\/div>\n\t\t\t\t<\/div>\n\t\t\t\t<div class=\"elementor-element elementor-element-b4e1c4b elementor-widget elementor-widget-heading\" data-id=\"b4e1c4b\" data-element_type=\"widget\" data-e-type=\"widget\" data-settings=\"{&quot;ekit_we_effect_on&quot;:&quot;none&quot;}\" data-widget_type=\"heading.default\">\n\t\t\t\t\t<h2 class=\"elementor-heading-title elementor-size-default\">Ciesz si\u0119 idealnym klimatem w domu \u2013 Serwis klimatyzacji i pomp ciep\u0142a.<\/h2>\t\t\t\t<\/div>\n\t\t\t\t<div class=\"elementor-element elementor-element-3662b5f elementor-widget elementor-widget-text-editor\" data-id=\"3662b5f\" data-element_type=\"widget\" data-e-type=\"widget\" data-settings=\"{&quot;ekit_we_effect_on&quot;:&quot;none&quot;}\" data-widget_type=\"text-editor.default\">\n\t\t\t\t\t\t\t\t\t<p>Wierzymy, \u017ce prawdziwy dom zaczyna si\u0119 tam, gdzie ko\u0144cz\u0105 si\u0119 kompromisy w kwestii temperatury. Nasz\u0105 misj\u0105 jest zapewnienie Ci maksymalnego komfortu, bez wzgl\u0119du na pogod\u0119 za oknem. Od lat dostarczamy mieszka\u0144com Wroc\u0142awia i Dolnego \u015al\u0105ska rozwi\u0105zania, kt\u00f3re zmieniaj\u0105 budynki w strefy idealnego samopoczucia.<\/p>\n<p>Wybieraj\u0105c Nas, wybierasz partnera, kt\u00f3ry rozumie, jak wa\u017cna jest atmosfera w Twoim wn\u0119trzu. Zaufa\u0142y nam setki klient\u00f3w, dla kt\u00f3rych komfort mieszkania sta\u0142 si\u0119 nowym standardem codzienno\u015bci.<\/p>\t\t\t\t\t\t\t\t<\/div>\n\t\t<div class=\"elementor-element elementor-element-35f9e9c e-con-full e-flex e-con e-child\" data-id=\"35f9e9c\" data-element_type=\"container\" data-e-type=\"container\" data-settings=\"{&quot;ekit_has_onepagescroll_dot&quot;:&quot;yes&quot;}\">\n\t\t\t\t<div class=\"elementor-element elementor-element-22490e6 elementor-widget elementor-widget-elementskit-creative-button\" data-id=\"22490e6\" data-element_type=\"widget\" data-e-type=\"widget\" data-settings=\"{&quot;ekit_we_effect_on&quot;:&quot;none&quot;}\" data-widget_type=\"elementskit-creative-button.default\">\n\t\t\t\t<div class=\"elementor-widget-container\">\n\t\t\t\t\t<div class=\"ekit-wid-con\" >\t\t<div class=\"ekit-btn-wraper\">\n\t\t\t\t\t\t\t\t<a class=\"ekit_creative_button ekit_moema\" id=\"\" data-text=\"\">\n\n\t\t\t\t\t\t\t\t\t\t\t\t\t\t\t\t\t\t\t\n\t\t\t\t\t\t<span class=\"ekit_creative_button_text\">Sprawd\u017a nasze rozwi\u0105zania<\/span>\n\n\t\t\t\t\t\t\t\t\t\t\t\t\t\t\t\t\t<\/a>\n\t\t\t\t\t\t<\/div>\n        <\/div>\t\t\t\t<\/div>\n\t\t\t\t<\/div>\n\t\t\t\t<div class=\"elementor-element elementor-element-6962e82 elementor-widget elementor-widget-heading\" data-id=\"6962e82\" data-element_type=\"widget\" data-e-type=\"widget\" data-settings=\"{&quot;ekit_we_effect_on&quot;:&quot;none&quot;}\" data-widget_type=\"heading.default\">\n\t\t\t\t\t<p class=\"elementor-heading-title elementor-size-default\">LUB<\/p>\t\t\t\t<\/div>\n\t\t\t\t<div class=\"elementor-element elementor-element-428848d elementor-widget elementor-widget-elementskit-creative-button\" data-id=\"428848d\" data-element_type=\"widget\" data-e-type=\"widget\" data-settings=\"{&quot;ekit_we_effect_on&quot;:&quot;none&quot;}\" data-widget_type=\"elementskit-creative-button.default\">\n\t\t\t\t<div class=\"elementor-widget-container\">\n\t\t\t\t\t<div class=\"ekit-wid-con\" >\t\t<div class=\"ekit-btn-wraper\">\n\t\t\t\t\t\t\t\t<a href=\"tel:+48%20500%20731%20585\" class=\"ekit_creative_button ekit_moema\" id=\"\" data-text=\"\">\n\n\t\t\t\t\t\t\t\t\t\t\t\t\t\t\t\t\t\t\t\n\t\t\t\t\t\t<span class=\"ekit_creative_button_text\">Zadzwo\u0144<\/span>\n\n\t\t\t\t\t\t\t\t\t\t\t\t\t\t\t\t\t<\/a>\n\t\t\t\t\t\t<\/div>\n        <\/div>\t\t\t\t<\/div>\n\t\t\t\t<\/div>\n\t\t\t\t<\/div>\n\t\t\t\t<\/div>\n\t\t<div class=\"elementor-element elementor-element-f9f59d5 e-con-full e-flex e-con e-child\" data-id=\"f9f59d5\" data-element_type=\"container\" data-e-type=\"container\" data-settings=\"{&quot;ekit_has_onepagescroll_dot&quot;:&quot;yes&quot;}\">\n\t\t\t\t<div class=\"elementor-element elementor-element-52ad312 elementor-widget elementor-widget-gallery\" data-id=\"52ad312\" data-element_type=\"widget\" data-e-type=\"widget\" data-settings=\"{&quot;gallery_layout&quot;:&quot;justified&quot;,&quot;lazyload&quot;:&quot;yes&quot;,&quot;ideal_row_height&quot;:{&quot;unit&quot;:&quot;px&quot;,&quot;size&quot;:200,&quot;sizes&quot;:[]},&quot;ideal_row_height_tablet&quot;:{&quot;unit&quot;:&quot;px&quot;,&quot;size&quot;:150,&quot;sizes&quot;:[]},&quot;ideal_row_height_mobile&quot;:{&quot;unit&quot;:&quot;px&quot;,&quot;size&quot;:150,&quot;sizes&quot;:[]},&quot;gap&quot;:{&quot;unit&quot;:&quot;px&quot;,&quot;size&quot;:10,&quot;sizes&quot;:[]},&quot;gap_tablet&quot;:{&quot;unit&quot;:&quot;px&quot;,&quot;size&quot;:10,&quot;sizes&quot;:[]},&quot;gap_mobile&quot;:{&quot;unit&quot;:&quot;px&quot;,&quot;size&quot;:10,&quot;sizes&quot;:[]},&quot;link_to&quot;:&quot;file&quot;,&quot;overlay_background&quot;:&quot;yes&quot;,&quot;content_hover_animation&quot;:&quot;fade-in&quot;,&quot;ekit_we_effect_on&quot;:&quot;none&quot;}\" data-widget_type=\"gallery.default\">\n\t\t\t\t\t\t\t<div class=\"elementor-gallery__container\">\n\t\t\t\t\t\t\t<a class=\"e-gallery-item elementor-gallery-item elementor-animated-content\" href=\"https:\/\/preview.techsquare.pl\/wp-content\/uploads\/2026\/02\/air-conditioner-mounted-wall-modern-apartment-scaled.jpg\" data-elementor-open-lightbox=\"yes\" data-elementor-lightbox-slideshow=\"52ad312\" data-elementor-lightbox-title=\"Air conditioner mounted on wall in modern apartment\" data-e-action-hash=\"#elementor-action%3Aaction%3Dlightbox%26settings%3DeyJpZCI6MjYxLCJ1cmwiOiJodHRwczpcL1wvcHJldmlldy50ZWNoc3F1YXJlLnBsXC93cC1jb250ZW50XC91cGxvYWRzXC8yMDI2XC8wMlwvYWlyLWNvbmRpdGlvbmVyLW1vdW50ZWQtd2FsbC1tb2Rlcm4tYXBhcnRtZW50LXNjYWxlZC5qcGciLCJzbGlkZXNob3ciOiI1MmFkMzEyIn0%3D\">\n\t\t\t\t\t<div class=\"e-gallery-image elementor-gallery-item__image\" data-thumbnail=\"https:\/\/preview.techsquare.pl\/wp-content\/uploads\/2026\/02\/air-conditioner-mounted-wall-modern-apartment-300x200.jpg\" data-width=\"300\" data-height=\"200\" aria-label=\"\" role=\"img\" ><\/div>\n\t\t\t\t\t\t\t\t\t\t\t<div class=\"elementor-gallery-item__overlay\"><\/div>\n\t\t\t\t\t\t\t\t\t\t\t\t\t\t<\/a>\n\t\t\t\t\t\t\t<a class=\"e-gallery-item elementor-gallery-item elementor-animated-content\" href=\"https:\/\/preview.techsquare.pl\/wp-content\/uploads\/2026\/02\/full-shot-woman-cat-laying-blanket-scaled.jpg\" data-elementor-open-lightbox=\"yes\" data-elementor-lightbox-slideshow=\"52ad312\" data-elementor-lightbox-title=\"full-shot-woman-cat-laying-blanket\" data-e-action-hash=\"#elementor-action%3Aaction%3Dlightbox%26settings%3DeyJpZCI6MjU5LCJ1cmwiOiJodHRwczpcL1wvcHJldmlldy50ZWNoc3F1YXJlLnBsXC93cC1jb250ZW50XC91cGxvYWRzXC8yMDI2XC8wMlwvZnVsbC1zaG90LXdvbWFuLWNhdC1sYXlpbmctYmxhbmtldC1zY2FsZWQuanBnIiwic2xpZGVzaG93IjoiNTJhZDMxMiJ9\">\n\t\t\t\t\t<div class=\"e-gallery-image elementor-gallery-item__image\" data-thumbnail=\"https:\/\/preview.techsquare.pl\/wp-content\/uploads\/2026\/02\/full-shot-woman-cat-laying-blanket-300x198.jpg\" data-width=\"300\" data-height=\"198\" aria-label=\"\" role=\"img\" ><\/div>\n\t\t\t\t\t\t\t\t\t\t\t<div class=\"elementor-gallery-item__overlay\"><\/div>\n\t\t\t\t\t\t\t\t\t\t\t\t\t\t<\/a>\n\t\t\t\t\t\t\t<a class=\"e-gallery-item elementor-gallery-item elementor-animated-content\" href=\"https:\/\/preview.techsquare.pl\/wp-content\/uploads\/2026\/02\/young-caucasian-woman-relaxes-modern-couch-with-air-conditioner-background-she-enjoying-scaled.jpg\" data-elementor-open-lightbox=\"yes\" data-elementor-lightbox-slideshow=\"52ad312\" data-elementor-lightbox-title=\"Young caucasian woman relaxes on a modern couch with air conditioner background. She enjoying comfortable climate control. The electric device provides cooling and heating system.\" data-e-action-hash=\"#elementor-action%3Aaction%3Dlightbox%26settings%3DeyJpZCI6MjYyLCJ1cmwiOiJodHRwczpcL1wvcHJldmlldy50ZWNoc3F1YXJlLnBsXC93cC1jb250ZW50XC91cGxvYWRzXC8yMDI2XC8wMlwveW91bmctY2F1Y2FzaWFuLXdvbWFuLXJlbGF4ZXMtbW9kZXJuLWNvdWNoLXdpdGgtYWlyLWNvbmRpdGlvbmVyLWJhY2tncm91bmQtc2hlLWVuam95aW5nLXNjYWxlZC5qcGciLCJzbGlkZXNob3ciOiI1MmFkMzEyIn0%3D\">\n\t\t\t\t\t<div class=\"e-gallery-image elementor-gallery-item__image\" data-thumbnail=\"https:\/\/preview.techsquare.pl\/wp-content\/uploads\/2026\/02\/young-caucasian-woman-relaxes-modern-couch-with-air-conditioner-background-she-enjoying-300x200.jpg\" data-width=\"300\" data-height=\"200\" aria-label=\"\" role=\"img\" ><\/div>\n\t\t\t\t\t\t\t\t\t\t\t<div class=\"elementor-gallery-item__overlay\"><\/div>\n\t\t\t\t\t\t\t\t\t\t\t\t\t\t<\/a>\n\t\t\t\t\t\t\t<a class=\"e-gallery-item elementor-gallery-item elementor-animated-content\" href=\"https:\/\/preview.techsquare.pl\/wp-content\/uploads\/2026\/02\/close-up-heat-pump-outside-home-scaled.jpg\" data-elementor-open-lightbox=\"yes\" data-elementor-lightbox-slideshow=\"52ad312\" data-elementor-lightbox-title=\"close-up-heat-pump-outside-home\" data-e-action-hash=\"#elementor-action%3Aaction%3Dlightbox%26settings%3DeyJpZCI6MjYwLCJ1cmwiOiJodHRwczpcL1wvcHJldmlldy50ZWNoc3F1YXJlLnBsXC93cC1jb250ZW50XC91cGxvYWRzXC8yMDI2XC8wMlwvY2xvc2UtdXAtaGVhdC1wdW1wLW91dHNpZGUtaG9tZS1zY2FsZWQuanBnIiwic2xpZGVzaG93IjoiNTJhZDMxMiJ9\">\n\t\t\t\t\t<div class=\"e-gallery-image elementor-gallery-item__image\" data-thumbnail=\"https:\/\/preview.techsquare.pl\/wp-content\/uploads\/2026\/02\/close-up-heat-pump-outside-home-300x214.jpg\" data-width=\"300\" data-height=\"214\" aria-label=\"\" role=\"img\" ><\/div>\n\t\t\t\t\t\t\t\t\t\t\t<div class=\"elementor-gallery-item__overlay\"><\/div>\n\t\t\t\t\t\t\t\t\t\t\t\t\t\t<\/a>\n\t\t\t\t\t<\/div>\n\t\t\t\t\t<\/div>\n\t\t\t\t<\/div>\n\t\t\t\t\t<\/div>\n\t\t\t\t<\/div>\n\t\t\t\t<\/div>\n\t\t<div class=\"elementor-element elementor-element-0cddac0 e-flex e-con-boxed e-con e-parent\" data-id=\"0cddac0\" data-element_type=\"container\" data-e-type=\"container\" data-settings=\"{&quot;ekit_has_onepagescroll_dot&quot;:&quot;yes&quot;}\">\n\t\t\t\t\t<div class=\"e-con-inner\">\n\t\t\t\t\t<\/div>\n\t\t\t\t<\/div>\n\t\t\t\t<\/div>\n\t\t\n    <div class=\"xs_social_share_widget xs_share_url after_content \t\tmain_content  wslu-style-1 wslu-share-box-shaped wslu-fill-colored wslu-none wslu-share-horizontal wslu-theme-font-no wslu-main_content\">\n\n\t\t\n        <ul>\n\t\t\t        <\/ul>\n    <\/div> \n","protected":false},"excerpt":{"rendered":"<p>Rozwi\u0105zania dla Twojego domu, kt\u00f3re zapewniaj\u0105 komfort na lata. Zapewnij sobie ch\u0142\u00f3d latem i ciep\u0142o zim\u0105 bez zb\u0119dnych zmartwie\u0144. Pomo\u017cemy Ci dobra\u0107 idealne urz\u0105dzenie do Twoich potrzeb, zamontujemy je czysto i sprawnie, a potem zadbamy o jego serwis. Klimatyzacja i pompy ciep\u0142a to dla nas codzienno\u015b\u0107 \u2013 dla Ciebie to wygoda na lata. Sprawd\u017a ofert\u0119 [&hellip;]<\/p>\n","protected":false},"author":1,"featured_media":0,"parent":0,"menu_order":0,"comment_status":"closed","ping_status":"closed","template":"elementor_header_footer","meta":{"postBodyCss":"","postBodyMargin":[],"postBodyPadding":[],"postBodyBackground":{"backgroundType":"classic","gradient":""},"footnotes":""},"class_list":["post-14","page","type-page","status-publish","hentry"],"yoast_head":"<!-- This site is optimized with the Yoast SEO plugin v26.9 - https:\/\/yoast.com\/product\/yoast-seo-wordpress\/ -->\n<title>Strona G\u0142\u00f3wna - Klimat-24<\/title>\n<meta name=\"robots\" content=\"index, follow, max-snippet:-1, max-image-preview:large, max-video-preview:-1\" \/>\n<link rel=\"canonical\" href=\"http:\/\/preview.techsquare.pl\/\" \/>\n<meta property=\"og:locale\" content=\"en_US\" \/>\n<meta property=\"og:type\" content=\"article\" \/>\n<meta property=\"og:title\" content=\"Strona G\u0142\u00f3wna - Klimat-24\" \/>\n<meta property=\"og:description\" content=\"Rozwi\u0105zania dla Twojego domu, kt\u00f3re zapewniaj\u0105 komfort na lata. Zapewnij sobie ch\u0142\u00f3d latem i ciep\u0142o zim\u0105 bez zb\u0119dnych zmartwie\u0144. Pomo\u017cemy Ci dobra\u0107 idealne urz\u0105dzenie do Twoich potrzeb, zamontujemy je czysto i sprawnie, a potem zadbamy o jego serwis. Klimatyzacja i pompy ciep\u0142a to dla nas codzienno\u015b\u0107 \u2013 dla Ciebie to wygoda na lata. Sprawd\u017a ofert\u0119 [&hellip;]\" \/>\n<meta property=\"og:url\" content=\"http:\/\/preview.techsquare.pl\/\" \/>\n<meta property=\"og:site_name\" content=\"Klimat-24\" \/>\n<meta property=\"article:modified_time\" content=\"2026-02-09T09:42:51+00:00\" \/>\n<meta name=\"twitter:card\" content=\"summary_large_image\" \/>\n<meta name=\"twitter:label1\" content=\"Est. reading time\" \/>\n\t<meta name=\"twitter:data1\" content=\"1 minute\" \/>\n<script type=\"application\/ld+json\" class=\"yoast-schema-graph\">{\"@context\":\"https:\/\/schema.org\",\"@graph\":[{\"@type\":\"WebPage\",\"@id\":\"http:\/\/preview.techsquare.pl\/\",\"url\":\"http:\/\/preview.techsquare.pl\/\",\"name\":\"Strona G\u0142\u00f3wna - Klimat-24\",\"isPartOf\":{\"@id\":\"http:\/\/preview.techsquare.pl\/#website\"},\"datePublished\":\"2026-02-08T14:43:49+00:00\",\"dateModified\":\"2026-02-09T09:42:51+00:00\",\"breadcrumb\":{\"@id\":\"http:\/\/preview.techsquare.pl\/#breadcrumb\"},\"inLanguage\":\"en-US\",\"potentialAction\":[{\"@type\":\"ReadAction\",\"target\":[\"http:\/\/preview.techsquare.pl\/\"]}]},{\"@type\":\"BreadcrumbList\",\"@id\":\"http:\/\/preview.techsquare.pl\/#breadcrumb\",\"itemListElement\":[{\"@type\":\"ListItem\",\"position\":1,\"name\":\"Home\",\"item\":\"http:\/\/preview.techsquare.pl\/\"},{\"@type\":\"ListItem\",\"position\":2,\"name\":\"Strona G\u0142\u00f3wna\"}]},{\"@type\":\"WebSite\",\"@id\":\"http:\/\/preview.techsquare.pl\/#website\",\"url\":\"http:\/\/preview.techsquare.pl\/\",\"name\":\"Klimat-24\",\"description\":\"\",\"publisher\":{\"@id\":\"http:\/\/preview.techsquare.pl\/#organization\"},\"potentialAction\":[{\"@type\":\"SearchAction\",\"target\":{\"@type\":\"EntryPoint\",\"urlTemplate\":\"http:\/\/preview.techsquare.pl\/?s={search_term_string}\"},\"query-input\":{\"@type\":\"PropertyValueSpecification\",\"valueRequired\":true,\"valueName\":\"search_term_string\"}}],\"inLanguage\":\"en-US\"},{\"@type\":\"Organization\",\"@id\":\"http:\/\/preview.techsquare.pl\/#organization\",\"name\":\"Klimat-24\",\"url\":\"http:\/\/preview.techsquare.pl\/\",\"logo\":{\"@type\":\"ImageObject\",\"inLanguage\":\"en-US\",\"@id\":\"http:\/\/preview.techsquare.pl\/#\/schema\/logo\/image\/\",\"url\":\"https:\/\/preview.techsquare.pl\/wp-content\/uploads\/2026\/02\/logo_klimat.png\",\"contentUrl\":\"https:\/\/preview.techsquare.pl\/wp-content\/uploads\/2026\/02\/logo_klimat.png\",\"width\":237,\"height\":64,\"caption\":\"Klimat-24\"},\"image\":{\"@id\":\"http:\/\/preview.techsquare.pl\/#\/schema\/logo\/image\/\"}}]}<\/script>\n<!-- \/ Yoast SEO plugin. -->","yoast_head_json":{"title":"Strona G\u0142\u00f3wna - Klimat-24","robots":{"index":"index","follow":"follow","max-snippet":"max-snippet:-1","max-image-preview":"max-image-preview:large","max-video-preview":"max-video-preview:-1"},"canonical":"http:\/\/preview.techsquare.pl\/","og_locale":"en_US","og_type":"article","og_title":"Strona G\u0142\u00f3wna - Klimat-24","og_description":"Rozwi\u0105zania dla Twojego domu, kt\u00f3re zapewniaj\u0105 komfort na lata. Zapewnij sobie ch\u0142\u00f3d latem i ciep\u0142o zim\u0105 bez zb\u0119dnych zmartwie\u0144. Pomo\u017cemy Ci dobra\u0107 idealne urz\u0105dzenie do Twoich potrzeb, zamontujemy je czysto i sprawnie, a potem zadbamy o jego serwis. Klimatyzacja i pompy ciep\u0142a to dla nas codzienno\u015b\u0107 \u2013 dla Ciebie to wygoda na lata. Sprawd\u017a ofert\u0119 [&hellip;]","og_url":"http:\/\/preview.techsquare.pl\/","og_site_name":"Klimat-24","article_modified_time":"2026-02-09T09:42:51+00:00","twitter_card":"summary_large_image","twitter_misc":{"Est. reading time":"1 minute"},"schema":{"@context":"https:\/\/schema.org","@graph":[{"@type":"WebPage","@id":"http:\/\/preview.techsquare.pl\/","url":"http:\/\/preview.techsquare.pl\/","name":"Strona G\u0142\u00f3wna - Klimat-24","isPartOf":{"@id":"http:\/\/preview.techsquare.pl\/#website"},"datePublished":"2026-02-08T14:43:49+00:00","dateModified":"2026-02-09T09:42:51+00:00","breadcrumb":{"@id":"http:\/\/preview.techsquare.pl\/#breadcrumb"},"inLanguage":"en-US","potentialAction":[{"@type":"ReadAction","target":["http:\/\/preview.techsquare.pl\/"]}]},{"@type":"BreadcrumbList","@id":"http:\/\/preview.techsquare.pl\/#breadcrumb","itemListElement":[{"@type":"ListItem","position":1,"name":"Home","item":"http:\/\/preview.techsquare.pl\/"},{"@type":"ListItem","position":2,"name":"Strona G\u0142\u00f3wna"}]},{"@type":"WebSite","@id":"http:\/\/preview.techsquare.pl\/#website","url":"http:\/\/preview.techsquare.pl\/","name":"Klimat-24","description":"","publisher":{"@id":"http:\/\/preview.techsquare.pl\/#organization"},"potentialAction":[{"@type":"SearchAction","target":{"@type":"EntryPoint","urlTemplate":"http:\/\/preview.techsquare.pl\/?s={search_term_string}"},"query-input":{"@type":"PropertyValueSpecification","valueRequired":true,"valueName":"search_term_string"}}],"inLanguage":"en-US"},{"@type":"Organization","@id":"http:\/\/preview.techsquare.pl\/#organization","name":"Klimat-24","url":"http:\/\/preview.techsquare.pl\/","logo":{"@type":"ImageObject","inLanguage":"en-US","@id":"http:\/\/preview.techsquare.pl\/#\/schema\/logo\/image\/","url":"https:\/\/preview.techsquare.pl\/wp-content\/uploads\/2026\/02\/logo_klimat.png","contentUrl":"https:\/\/preview.techsquare.pl\/wp-content\/uploads\/2026\/02\/logo_klimat.png","width":237,"height":64,"caption":"Klimat-24"},"image":{"@id":"http:\/\/preview.techsquare.pl\/#\/schema\/logo\/image\/"}}]}},"_links":{"self":[{"href":"https:\/\/preview.techsquare.pl\/index.php\/wp-json\/wp\/v2\/pages\/14","targetHints":{"allow":["GET"]}}],"collection":[{"href":"https:\/\/preview.techsquare.pl\/index.php\/wp-json\/wp\/v2\/pages"}],"about":[{"href":"https:\/\/preview.techsquare.pl\/index.php\/wp-json\/wp\/v2\/types\/page"}],"author":[{"embeddable":true,"href":"https:\/\/preview.techsquare.pl\/index.php\/wp-json\/wp\/v2\/users\/1"}],"replies":[{"embeddable":true,"href":"https:\/\/preview.techsquare.pl\/index.php\/wp-json\/wp\/v2\/comments?post=14"}],"version-history":[{"count":124,"href":"https:\/\/preview.techsquare.pl\/index.php\/wp-json\/wp\/v2\/pages\/14\/revisions"}],"predecessor-version":[{"id":284,"href":"https:\/\/preview.techsquare.pl\/index.php\/wp-json\/wp\/v2\/pages\/14\/revisions\/284"}],"wp:attachment":[{"href":"https:\/\/preview.techsquare.pl\/index.php\/wp-json\/wp\/v2\/media?parent=14"}],"curies":[{"name":"wp","href":"https:\/\/api.w.org\/{rel}","templated":true}]}}